{"id":7301,"date":"2016-12-13T13:11:12","date_gmt":"2016-12-13T13:11:12","guid":{"rendered":"https:\/\/www.bytheweb.be\/uma-test\/product\/cadeaubon\/"},"modified":"2020-03-16T12:35:18","modified_gmt":"2020-03-16T11:35:18","slug":"carte-cadeau","status":"publish","type":"product","link":"https:\/\/www.bytheweb.be\/uma-test\/fr\/product\/carte-cadeau\/","title":{"rendered":"Carte-cadeau"},"content":{"rendered":"","protected":false},"excerpt":{"rendered":"<p><span class=\"tlid-translation translation\" lang=\"fr\"><span class=\"\" title=\"\">Ch\u00e8que-cadeau en ligne (per email) ou \u00ab\u00a0hors ligne\u00a0\u00bb (per poste) pour un achat \u00e0 UMA d&rsquo;une valeur de votre choix.<\/span> <span class=\"\" title=\"\">Le ch\u00e8que-cadeau que nous envoyons par la poste est livr\u00e9 dans une belle bo\u00eete cadeau.<\/span> <span class=\"\" title=\"\">Vous recevrez le bon cadeau par e-mail sous forme de fichier PDF imm\u00e9diatement apr\u00e8s le paiement.<\/span> <span class=\"\" title=\"\">Le bon cadeau contient un code utilisable dans la boutique en ligne.\u00a0\u00a0 Le bon est valable pendant un an \u00e0 partir de la date d&rsquo;achat.<br \/>\n<\/span><\/span><\/p>\n","protected":false},"featured_media":5545,"comment_status":"closed","ping_status":"closed","template":"","meta":[],"product_brand":[],"product_cat":[877],"product_tag":[],"class_list":{"0":"post-7301","1":"product","2":"type-product","3":"status-publish","4":"has-post-thumbnail","6":"product_cat-carte-cadeau","8":"first","9":"instock","10":"shipping-taxable","11":"purchasable","12":"product-type-variable"},"_links":{"self":[{"href":"https:\/\/www.bytheweb.be\/uma-test\/fr\/wp-json\/wp\/v2\/product\/7301","targetHints":{"allow":["GET"]}}],"collection":[{"href":"https:\/\/www.bytheweb.be\/uma-test\/fr\/wp-json\/wp\/v2\/product"}],"about":[{"href":"https:\/\/www.bytheweb.be\/uma-test\/fr\/wp-json\/wp\/v2\/types\/product"}],"replies":[{"embeddable":true,"href":"https:\/\/www.bytheweb.be\/uma-test\/fr\/wp-json\/wp\/v2\/comments?post=7301"}],"wp:featuredmedia":[{"embeddable":true,"href":"https:\/\/www.bytheweb.be\/uma-test\/fr\/wp-json\/wp\/v2\/media\/5545"}],"wp:attachment":[{"href":"https:\/\/www.bytheweb.be\/uma-test\/fr\/wp-json\/wp\/v2\/media?parent=7301"}],"wp:term":[{"taxonomy":"product_brand","embeddable":true,"href":"https:\/\/www.bytheweb.be\/uma-test\/fr\/wp-json\/wp\/v2\/product_brand?post=7301"},{"taxonomy":"product_cat","embeddable":true,"href":"https:\/\/www.bytheweb.be\/uma-test\/fr\/wp-json\/wp\/v2\/product_cat?post=7301"},{"taxonomy":"product_tag","embeddable":true,"href":"https:\/\/www.bytheweb.be\/uma-test\/fr\/wp-json\/wp\/v2\/product_tag?post=7301"}],"curies":[{"name":"wp","href":"https:\/\/api.w.org\/{rel}","templated":true}]}}