{"id":5036,"date":"2016-12-14T16:23:25","date_gmt":"2016-12-14T16:23:25","guid":{"rendered":"https:\/\/www.bytheweb.be\/uma-test\/?page_id=5036"},"modified":"2019-09-28T14:31:58","modified_gmt":"2019-09-28T12:31:58","slug":"protection-de-la-vie-privee","status":"publish","type":"page","link":"https:\/\/www.bytheweb.be\/uma-test\/fr\/protection-de-la-vie-privee\/","title":{"rendered":"Protection de la Vie Priv\u00e9e"},"content":{"rendered":"<div class=\"wpb-content-wrapper\"><p>[vc_row][vc_column][vc_empty_space height=\u00a0\u00bb90px\u00a0\u00bb][\/vc_column][\/vc_row][vc_row][vc_column][vc_column_text]<\/p>\n<h1>Protection de la Vie Priv\u00e9e<\/h1>\n<p>[\/vc_column_text][\/vc_column][\/vc_row][vc_row][vc_column][vc_empty_space height=\u00a0\u00bb90px\u00a0\u00bb][\/vc_column][\/vc_row][vc_row][vc_column][vc_column_text]<strong>1. R\u00e8gles G\u00e9n\u00e9rales<\/strong><\/p>\n<p>Sassy &amp; Wacky BVBA, propri\u00e9taire de la marque UMA, applique \u2018la loi du 8 d\u00e9cembre 1992 relative \u00e0 la protection de la vie priv\u00e9e \u00e0 l&rsquo;\u00e9gard des traitements de donn\u00e9es \u00e0 caract\u00e8re personnel\u2019, comme adapt\u00e9e par la loi de 11 d\u00e9cembre 1998 et \u2018la loi de 13 Juin 2005 relative aux communications \u00e9lectroniques\u2019.<\/p>\n<p>Une d\u00e9claration a \u00e9t\u00e9 d\u00e9pos\u00e9e \u00e0 la Commission pour la Protection de la Vie Priv\u00e9e concernant le traitement de vos donn\u00e9es personnelles.<\/p>\n<p><strong>2. Donn\u00e9es Personnelles Collect\u00e9es<\/strong><\/p>\n<p><strong>2.1. Les donn\u00e9es que vous nous communiquez<\/strong><\/p>\n<p>Pendant le processus de commande, des donn\u00e9es comme par example : votre nom, votre adresses email et vos donn\u00e9es d\u2019adresse.<\/p>\n<p><strong>2.2. Les donn\u00e9es qui sont automatiquement collect\u00e9es<\/strong><\/p>\n<p>Nous pouvons placer des cookies sur votre ordinateur, tablette ou smartphone. Ces cookies nous aident \u00e0 nous souvenir de vos pr\u00e9f\u00e9rences lors de l\u2019utilisation de notre Site internet. Pour de plus amples informations \u00e0 ce sujet, nous nous r\u00e9f\u00e9rons \u00e0 notre cookie policy (voir ci-dessous). Certaines donn\u00e9es peuvent \u00eatre collect\u00e9es sans \u00eatre stock\u00e9es par voie de cookies. Il s\u2019ag\u00eet de, par exemple: l&rsquo;adresse IP de votre ordinateur, le type et la version de votre syst\u00e8me de navigation, la derni\u00e8re page Internet visit\u00e9e.<\/p>\n<p><strong>3. Fins d\u2019utilisation des donn\u00e9es<\/strong><\/p>\n<p><strong>3.1. Objectifs g\u00e9n\u00e9raux<\/strong><\/p>\n<p>Nous rassemblons vos donn\u00e9es personnelles en vue de :<br \/>\n. Ex\u00e9cuter votre commande et g\u00e9rer nos fichiers client\u00e8le<br \/>\n. Collecter des statistiques anonymes sur les visiteurs<br \/>\n. Marketing direct<br \/>\n. Administrer l\u2019aspect technique du Site internet;<br \/>\n. Apr\u00e8s s\u2019\u00eatre assur\u00e9 du caract\u00e8re anonyme des donn\u00e9es, \u00e9tablir des statistiques ou mener des enqu\u00eates concernant la quantit\u00e9 de visites sur les diff\u00e9rentes parties du Site internet.<\/p>\n<p><strong>3.2. Marketing direct et communication aux tiers<\/strong><\/p>\n<p>Vos donn\u00e9es personnelles restent strictement confidentielles et ne peuvent en aucun cas \u00eatre communiqu\u00e9es \u00e0 des tiers ou utilis\u00e9es \u00e0 des fins de marketing direct autres que pour Sassy &amp; Wacky\/UMA.<\/p>\n<p><strong>3.3. Violations graves <\/strong><\/p>\n<p>Nous pourrons transmettre les donn\u00e9es des utilisateurs sur demande de la Justice en cas de violations graves des r\u00e8gles de conduite.<\/p>\n<p><strong>4. Dur\u00e9e de conservation des donn\u00e9es<\/strong><\/p>\n<p>Toutes les donn\u00e9es personnelles sont conserv\u00e9es pour toute la p\u00e9riode n\u00e9cessaire pour atteindre les objectifs d\u00e9crits ci-dessus.<\/p>\n<p><strong>5.\u00a0Droit d\u2019acc\u00e8s et rectification des donn\u00e9es<\/strong><\/p>\n<p>Vous avez le droit de consulter gratuitement vos donn\u00e9es personnelles \u00e0 tout moment, de rectifier ou modifier celles-ci, en nous envoyant un mail \u00e0 info@bytheweb.be\/uma-test ou une lettre \u00e0 l\u2019adresse Sassy &amp; Wacky\/UMA, Onze-Lieve-Vrouwestraat 82, 2800 Mechelen. Joignez toujours une copie de votre carte d\u2019identit\u00e9 afin que nous puissions v\u00e9rifier votre identit\u00e9.<br \/>\nVous \u00eates enti\u00e8rement libre de ne pas communiquer vos donn\u00e9es personnelles \u00e0 nous. Vous devez cependant savoir que certains services pourront vous \u00eatre refus\u00e9s si vous ne le faites pas. Nous attirons \u00e9galement votre attention sur le fait que vous \u00eates alors tenu pour seul responsable de l\u2019exactitude des donn\u00e9es que vous nous transmettez.<\/p>\n<p><strong>6. Droit de contestation<\/strong><\/p>\n<p>Vous pouvez exercer votre droit de contestation dans le cadre du traitement de vos donn\u00e9es personnelles, si vous estimez qu\u2019il existe de s\u00e9rieuses et l\u00e9gitimes raisons, en nous adressant un mail \u00e0 info@bytheweb.be\/uma-test. N\u00e9anmoins, vous ne pouvez pas vous opposer au traitement de vos donn\u00e9es personnelles s\u2019il est n\u00e9cessaire pour le suivi et le traitement de votre commande.<\/p>\n<p><strong>7. S\u00e9curit\u00e9 et confidentialit\u00e9<\/strong><\/p>\n<p>Nous avons d\u00e9velopp\u00e9 des r\u00e8gles de s\u00e9curit\u00e9 adapt\u00e9es sur le plan technique et organisationnel afin d\u2019\u00e9viter la destruction, la perte, la falsification, la modification, l\u2019acc\u00e8s interdit, la communication par erreur \u00e0 des tiers ainsi que tout autre traitement non autoris\u00e9 des donn\u00e9es personnelles collect\u00e9es.<\/p>\n<p>Nous ne pouvons en aucun cas \u00eatre tenu responsable pour tout dommage direct ou indirect r\u00e9sultant d\u2019une manipulation fautive ou ill\u00e9gitime commises par des tiers sur les donn\u00e9es personnelles.<\/p>\n<p>Nous tenons \u00e0 vous signaler que les liens vers le Site internet peuvent contenir des liens hypertextes et autres r\u00e9f\u00e9rences vers d\u2019autres sites que nous ne g\u00e9rons, ni ne contr\u00f4lons pas et auxquels ces R\u00e8gles de Protection de la Vie Priv\u00e9e ne sont pas d\u2019application. Nous ne sommes pas responsables du contenu de ces sites internet ni des offres, produits et services propos\u00e9s par ceux-ci. Nous vous recommandons donc de lire attentivement les r\u00e8gles de protection de la vie priv\u00e9e de chaque site que vous visitez, ces r\u00e8gles pouvant diff\u00e9rer des pr\u00e9sentes R\u00e8gles de Protection de la Vie Priv\u00e9e.<\/p>\n<p><strong>8. Cookies<\/strong><\/p>\n<p><strong>8.1. Qu\u2019est-ce qu\u2019un cookie?<\/strong><\/p>\n<p>Un \u201ccookie\u201d est un petit fichier compos\u00e9 de lettres et de chiffres stock\u00e9 dans votre navigateur ou sur le disque dur de votre ordinateur. Ainsi nous pouvons nous rappeler de vos pr\u00e9f\u00e9rences lors de l&rsquo;utilisation de notre site Internet.<br \/>\nSauf si vous avez choisi de ne pas accepter des cookies dans les param\u00e8tres de votre navigateur, notre syst\u00e8me placera des cookies automatiquement lors de votre visite \u00e0 notre site.<\/p>\n<p><strong>8.2. Notre utilisation des Cookies <\/strong><\/p>\n<p>Notre site Internet utilise des cookies et des technologies similaires pour distinguer vos pr\u00e9f\u00e9rences d\u2019utilisation de celle des autres utilisateurs de notre site Internet. Cela nous aide \u00e0 vous offrir une meilleure exp\u00e9rience lors de votre visite sur notre site Internet et nous permet d\u2019optimaliser ce dernier.<br \/>\nLes cookies et technologies similaires ne nous permettent toutefois pas de collecter syst\u00e9matiquement des donn\u00e9es qui pourraient vous identifier. Ils nous aident uniquement \u00e0 am\u00e9liorer le fonctionnement de notre site Internet, \u00e0 comprendre quels sont vos int\u00e9r\u00eats et \u00e0 \u00e9valuer la pertinence du contenu de notre site Internet.<br \/>\nEn raison de changements r\u00e9cents dans la l\u00e9gislation, tous les sites Internet qui op\u00e8rent dans certaines parties de l&rsquo;Union europ\u00e9enne sont tenus d&rsquo;obtenir votre consentement pour utiliser ou de stocker des cookies et autres technologies similaires sur vos ordinateurs ou p\u00e9riph\u00e9riques mobiles. La pr\u00e9sente cookie policy a pour but de vous donner une information aussi claire et compl\u00e8te que possible sur les cookies que nous utilisons et leur finalit\u00e9. Nous vous invitons \u00e9galement \u00e0 lire notre Privacy Policy (voir ci-dessus) pour prendre connaissance des r\u00e8gles qui s\u2019appliquent sur notre site Internet en mati\u00e8re de vie priv\u00e9e.<br \/>\nPour plus d\u2019informations sur la politique que nous menons en mati\u00e8re de cookies, n\u2019h\u00e9sitez pas \u00e0 nous contacter via info@bytheweb.be\/uma-test.<\/p>\n<p><strong>8.3. Votre consentement<\/strong><\/p>\n<p>En visitant notre site, vous acceptez l\u2019utilisation de cookies. L\u2019acceptation de certains cookies est indispensable pour une visite optimale \u00e0 notre site.<br \/>\nVous pouvez bloquer les cookies en activant le param\u00e8tre du navigateur qui permet le stockage de cookies. Toutefois, si vous utilisez les param\u00e8tres de votre navigateur pour bloquer ces cookies, vous ne pourrez probablement pas acc\u00e9der \u00e0 (certaines parties de) notre Site internet. Lisez cette Cookie Policy attentivement pour plus d\u2019informations.<br \/>\nSi vous souhaitez modifier votre consentement \u00e0 n\u2019importe quel moment, vous devez supprimer les cookies en utilisant les param\u00e8tres de votre navigateur. Pour plus d\u2019informations sur la suppression ou le blocage des cookies, rendez-vous sur le site internet https:\/\/www.aboutcookies.org\/Default.aspx?page=2.<\/p>\n<p><strong>8.4. Modifier les param\u00e8tres de votre navigateur <\/strong><\/p>\n<p>Nous attirons votre attention sur le fait que les param\u00e8tres de votre navigateur vous permettent \u00e9galement de modifier les param\u00e8tres d\u2019acceptation des cookies. Ces param\u00e8tres sont g\u00e9n\u00e9ralement accessibles via le menu \u00ab option \u00bb ou \u00ab pr\u00e9f\u00e9rences \u00bb de votre navigateur. Pour mieux comprendre ces param\u00e8tres, nous vous invitons \u00e0 consulter les liens suivants ou vous r\u00e9f\u00e9rer \u00e0 l\u2019onglet \u00ab aide \u00bb de votre navigateur :<br \/>\n. <a href=\"https:\/\/support.microsoft.com\/kb\/196955\" target=\"_blank\">Cookies dans Internet Explorer<\/a><br \/>\n. <a href=\"https:\/\/support.mozilla.org\/fr\/kb\/cookies-informations-sites-enregistrent\" target=\"_blank\">Cookies dans Mozilla Firefox<\/a><br \/>\n. <a href=\"https:\/\/support.google.com\/chrome\/answer\/95647?hl=fr&amp;hlrm=en\" target=\"_blank\">Cookies dans Chrome<\/a><br \/>\n. <a href=\"https:\/\/support.apple.com\/fr-fr\/HT201265\" target=\"_blank\">Cookies dans Safari<\/a><\/p>\n<p><strong>9. Droit applicable et Juridiction comp\u00e9tente<\/strong><\/p>\n<p>Ces R\u00e8gles de Protection de la Vie Priv\u00e9e sont r\u00e9gies, interpr\u00e9t\u00e9es et ex\u00e9cut\u00e9es conform\u00e9ment au droit belge, seul droit applicable en cas de litige.<\/p>\n<p>Les Tribunaux de l\u2019arrondissement Mechelen sont exclusivement comp\u00e9tents pour tout litige qui pourrait na\u00eetre de l\u2019interpr\u00e9tation ou de l\u2019ex\u00e9cution des pr\u00e9sentes R\u00e8gles de Protection de la Vie Priv\u00e9e.<\/p>\n<p><strong>10. Acceptation<\/strong><\/p>\n<p>En utilisant le Site internet, vous marquez votre accord sur l\u2019ensemble des clauses des pr\u00e9sentes R\u00e8gles de Protection de la Vie Priv\u00e9e et vous acceptez que Sassy &amp; Wacky\/UMA receuille vos donn\u00e9es personnelles afin de les traiter conform\u00e9ment aux pr\u00e9sentes R\u00e8gles de Protection de la Vie Priv\u00e9e.[\/vc_column_text][\/vc_column][\/vc_row][vc_row][vc_column][vc_empty_space height=\u00a0\u00bb90px\u00a0\u00bb][\/vc_column][\/vc_row]<\/p>\n<\/div>","protected":false},"excerpt":{"rendered":"<p>[vc_row][vc_column][vc_empty_space height=\u00a0\u00bb90px\u00a0\u00bb][\/vc_column][\/vc_row][vc_row][vc_column][vc_column_text] Protection de la Vie Priv\u00e9e [\/vc_column_text][\/vc_column][\/vc_row][vc_row][vc_column][vc_empty_space height=\u00a0\u00bb90px\u00a0\u00bb][\/vc_column][\/vc_row][vc_row][vc_column][vc_column_text]1. R\u00e8gles G\u00e9n\u00e9rales Sassy &amp; Wacky BVBA, propri\u00e9taire de la marque UMA, applique \u2018la loi du 8 d\u00e9cembre 1992 relative \u00e0 la protection de la vie priv\u00e9e \u00e0 l&rsquo;\u00e9gard des traitements de donn\u00e9es \u00e0 caract\u00e8re personnel\u2019, comme adapt\u00e9e par la loi de 11 d\u00e9cembre 1998 et \u2018la [&hellip;]<\/p>\n","protected":false},"author":1,"featured_media":0,"parent":0,"menu_order":0,"comment_status":"closed","ping_status":"closed","template":"","meta":{"footnotes":""},"class_list":["post-5036","page","type-page","status-publish","hentry"],"_links":{"self":[{"href":"https:\/\/www.bytheweb.be\/uma-test\/fr\/wp-json\/wp\/v2\/pages\/5036","targetHints":{"allow":["GET"]}}],"collection":[{"href":"https:\/\/www.bytheweb.be\/uma-test\/fr\/wp-json\/wp\/v2\/pages"}],"about":[{"href":"https:\/\/www.bytheweb.be\/uma-test\/fr\/wp-json\/wp\/v2\/types\/page"}],"author":[{"embeddable":true,"href":"https:\/\/www.bytheweb.be\/uma-test\/fr\/wp-json\/wp\/v2\/users\/1"}],"replies":[{"embeddable":true,"href":"https:\/\/www.bytheweb.be\/uma-test\/fr\/wp-json\/wp\/v2\/comments?post=5036"}],"version-history":[{"count":0,"href":"https:\/\/www.bytheweb.be\/uma-test\/fr\/wp-json\/wp\/v2\/pages\/5036\/revisions"}],"wp:attachment":[{"href":"https:\/\/www.bytheweb.be\/uma-test\/fr\/wp-json\/wp\/v2\/media?parent=5036"}],"curies":[{"name":"wp","href":"https:\/\/api.w.org\/{rel}","templated":true}]}}