{"id":478,"date":"2016-10-12T21:44:16","date_gmt":"2016-10-12T20:44:16","guid":{"rendered":"https:\/\/www.bytheweb.be\/uma-test\/?page_id=478"},"modified":"2017-10-26T14:24:26","modified_gmt":"2017-10-26T12:24:26","slug":"cheque-cadeau-et-cadeau","status":"publish","type":"page","link":"https:\/\/www.bytheweb.be\/uma-test\/fr\/cheque-cadeau-et-cadeau\/","title":{"rendered":"Ch\u00e8que cadeau et cadeau"},"content":{"rendered":"<div class=\"wpb-content-wrapper\"><p>[vc_row][vc_column][vc_empty_space height=\u00a0\u00bb90px\u00a0\u00bb][\/vc_column][\/vc_row][vc_row][vc_column][vc_column_text]<\/p>\n<h1>Ch\u00e8que cadeau et cadeau<\/h1>\n<p>[\/vc_column_text][\/vc_column][\/vc_row][vc_row][vc_column][vc_empty_space height=\u00a0\u00bb90px\u00a0\u00bb][\/vc_column][\/vc_row][vc_row][vc_column][vc_column_text]Aimeriez-vous surprendre quelqu\u2019un avec un article que vous avez rep\u00e9r\u00e9 sur notre site web ou en magasin ? Indiquez-nous l\u2019article souhait\u00e9, ajoutez un message personnel pour la personne \u00e0 qui vous allez offrir le cadeau, et envoyez-nous ces informations avec le nom et l\u2019adresse du b\u00e9n\u00e9ficiaire. Veuillez vous assurer de bien nous communiquer l\u2019achat auquel vous faites r\u00e9f\u00e9rence, afin que le bon paquet soit envoy\u00e9 \u00e0 la bonne personne ! Le paiement s\u2019effectue suivant le processus ordinaire d\u2019achat en ligne. Nous nous chargeons d\u2019un emballage cadeau \u00e9l\u00e9gant sans frais suppl\u00e9mentaires !<\/p>\n<p>Souhaitez-vous offrir un bon d\u2019achat , mais vous ne trouvez pas de bon correspondant \u00e0 la somme d\u00e9sir\u00e9e dans notre boutique en ligne ? Envoyez-nous un courriel \u00e0 <a href=\"mailto:info@bytheweb.be\/uma-test\" target=\"_blank\">info@bytheweb.be\/uma-test<\/a> avec le montant que vous souhaitez offrir en cadeau. Nous vous invitons \u00e0 verser ce montant par virement bancaire sur notre compte en utilisant le num\u00e9ro IBAN BE91 7350 4168 9776. Apr\u00e8s r\u00e9ception de votre paiement, nous enverrons le bon d\u2019achat joliment emball\u00e9 au nom et \u00e0 l\u2019adresse indiqu\u00e9s. Le bon sera valable une ann\u00e9e \u00e0 compter de son \u00e9mission.<\/p>\n<p>Merci !<\/p>\n<p>Loesje<\/p>\n<p>[\/vc_column_text][\/vc_column][\/vc_row][vc_row][vc_column][vc_empty_space height=\u00a0\u00bb90px\u00a0\u00bb][\/vc_column][\/vc_row]<\/p>\n<\/div>","protected":false},"excerpt":{"rendered":"<p>[vc_row][vc_column][vc_empty_space height=\u00a0\u00bb90px\u00a0\u00bb][\/vc_column][\/vc_row][vc_row][vc_column][vc_column_text] Ch\u00e8que cadeau et cadeau [\/vc_column_text][\/vc_column][\/vc_row][vc_row][vc_column][vc_empty_space height=\u00a0\u00bb90px\u00a0\u00bb][\/vc_column][\/vc_row][vc_row][vc_column][vc_column_text]Aimeriez-vous surprendre quelqu\u2019un avec un article que vous avez rep\u00e9r\u00e9 sur notre site web ou en magasin ? Indiquez-nous l\u2019article souhait\u00e9, ajoutez un message personnel pour la personne \u00e0 qui vous allez offrir le cadeau, et envoyez-nous ces informations avec le nom et l\u2019adresse du b\u00e9n\u00e9ficiaire. Veuillez vous [&hellip;]<\/p>\n","protected":false},"author":1,"featured_media":0,"parent":0,"menu_order":0,"comment_status":"closed","ping_status":"closed","template":"","meta":{"footnotes":""},"class_list":["post-478","page","type-page","status-publish","hentry"],"_links":{"self":[{"href":"https:\/\/www.bytheweb.be\/uma-test\/fr\/wp-json\/wp\/v2\/pages\/478","targetHints":{"allow":["GET"]}}],"collection":[{"href":"https:\/\/www.bytheweb.be\/uma-test\/fr\/wp-json\/wp\/v2\/pages"}],"about":[{"href":"https:\/\/www.bytheweb.be\/uma-test\/fr\/wp-json\/wp\/v2\/types\/page"}],"author":[{"embeddable":true,"href":"https:\/\/www.bytheweb.be\/uma-test\/fr\/wp-json\/wp\/v2\/users\/1"}],"replies":[{"embeddable":true,"href":"https:\/\/www.bytheweb.be\/uma-test\/fr\/wp-json\/wp\/v2\/comments?post=478"}],"version-history":[{"count":0,"href":"https:\/\/www.bytheweb.be\/uma-test\/fr\/wp-json\/wp\/v2\/pages\/478\/revisions"}],"wp:attachment":[{"href":"https:\/\/www.bytheweb.be\/uma-test\/fr\/wp-json\/wp\/v2\/media?parent=478"}],"curies":[{"name":"wp","href":"https:\/\/api.w.org\/{rel}","templated":true}]}}