{"id":461,"date":"2016-10-12T21:38:11","date_gmt":"2016-10-12T20:38:11","guid":{"rendered":"https:\/\/www.bytheweb.be\/uma-test\/?page_id=461"},"modified":"2017-10-26T15:16:32","modified_gmt":"2017-10-26T13:16:32","slug":"pas-en-stock","status":"publish","type":"page","link":"https:\/\/www.bytheweb.be\/uma-test\/fr\/pas-en-stock\/","title":{"rendered":"Pas en stock ?"},"content":{"rendered":"<div class=\"wpb-content-wrapper\"><p>[vc_row][vc_column][vc_empty_space height=\u00a0\u00bb90px\u00a0\u00bb][\/vc_column][\/vc_row][vc_row][vc_column][vc_column_text]<\/p>\n<h1>Pas en stock<\/h1>\n<p>[\/vc_column_text][\/vc_column][\/vc_row][vc_row][vc_column][vc_empty_space height=\u00a0\u00bb90px\u00a0\u00bb][\/vc_column][\/vc_row][vc_row][vc_column][vc_column_text]Nous indiquons sur notre boutique en ligne lorsqu\u2019un article n\u2019est plus en stock. M\u00eame dans ce cas, nous sommes susceptibles de pouvoir quand m\u00eame le commander ou de recevoir sous peu un nouvel arrivage de notre fournisseur. Contactez-nous simplement \u00e0 <a href=\"mailto:info@bytheweb.be\/uma-test\" target=\"_blank\">info@bytheweb.be\/uma-test<\/a> pour voir ce qui peut \u00eatre fait pour y rem\u00e9dier !<\/p>\n<p>Merci !<\/p>\n<p>Loesje<br \/>\n[\/vc_column_text][\/vc_column][\/vc_row][vc_row][vc_column][vc_empty_space height=\u00a0\u00bb90px\u00a0\u00bb][\/vc_column][\/vc_row]<\/p>\n<\/div>","protected":false},"excerpt":{"rendered":"<p>[vc_row][vc_column][vc_empty_space height=\u00a0\u00bb90px\u00a0\u00bb][\/vc_column][\/vc_row][vc_row][vc_column][vc_column_text] Pas en stock [\/vc_column_text][\/vc_column][\/vc_row][vc_row][vc_column][vc_empty_space height=\u00a0\u00bb90px\u00a0\u00bb][\/vc_column][\/vc_row][vc_row][vc_column][vc_column_text]Nous indiquons sur notre boutique en ligne lorsqu\u2019un article n\u2019est plus en stock. M\u00eame dans ce cas, nous sommes susceptibles de pouvoir quand m\u00eame le commander ou de recevoir sous peu un nouvel arrivage de notre fournisseur. Contactez-nous simplement \u00e0 info@bytheweb.be\/uma-test pour voir ce qui peut \u00eatre fait pour [&hellip;]<\/p>\n","protected":false},"author":1,"featured_media":0,"parent":0,"menu_order":0,"comment_status":"closed","ping_status":"closed","template":"","meta":{"footnotes":""},"class_list":["post-461","page","type-page","status-publish","hentry"],"_links":{"self":[{"href":"https:\/\/www.bytheweb.be\/uma-test\/fr\/wp-json\/wp\/v2\/pages\/461","targetHints":{"allow":["GET"]}}],"collection":[{"href":"https:\/\/www.bytheweb.be\/uma-test\/fr\/wp-json\/wp\/v2\/pages"}],"about":[{"href":"https:\/\/www.bytheweb.be\/uma-test\/fr\/wp-json\/wp\/v2\/types\/page"}],"author":[{"embeddable":true,"href":"https:\/\/www.bytheweb.be\/uma-test\/fr\/wp-json\/wp\/v2\/users\/1"}],"replies":[{"embeddable":true,"href":"https:\/\/www.bytheweb.be\/uma-test\/fr\/wp-json\/wp\/v2\/comments?post=461"}],"version-history":[{"count":0,"href":"https:\/\/www.bytheweb.be\/uma-test\/fr\/wp-json\/wp\/v2\/pages\/461\/revisions"}],"wp:attachment":[{"href":"https:\/\/www.bytheweb.be\/uma-test\/fr\/wp-json\/wp\/v2\/media?parent=461"}],"curies":[{"name":"wp","href":"https:\/\/api.w.org\/{rel}","templated":true}]}}