{"id":406,"date":"2016-10-12T20:51:16","date_gmt":"2016-10-12T19:51:16","guid":{"rendered":"https:\/\/www.bytheweb.be\/uma-test\/?page_id=406"},"modified":"2021-09-24T13:52:48","modified_gmt":"2021-09-24T11:52:48","slug":"contact-fr","status":"publish","type":"page","link":"https:\/\/www.bytheweb.be\/uma-test\/fr\/contact-fr\/","title":{"rendered":"Contact"},"content":{"rendered":"<div class=\"wpb-content-wrapper\"><p>[vc_row][vc_column][vc_column_text]<\/p>\n<h1 class=\"likeh2\" style=\"text-align: center;\">Nous <span style=\"color: #bc8034;\">contacter<\/span><\/h1>\n<p>[\/vc_column_text][\/vc_column][\/vc_row][vc_row][vc_column][vc_raw_html el_class=\u00a0\u00bbcontact_block_adresse\u00a0\u00bb]JTNDZGl2JTIwaXRlbXNjb3BlJTIwaXRlbXR5cGUlM0QlMjJodHRwJTNBJTJGJTJGc2NoZW1hLm9yZyUyRk9yZ2FuaXphdGlvbiUyMiUzRSUwQSUzQ2RpdiUyMGNsYXNzJTNEJTIyY29sb25uZSUyMiUzRSUzQ3NwYW4lMjBpdGVtcHJvcCUzRCUyMm5hbWUlMjIlM0VVTUElMjBNdWx0aWJyYW5kJTIwQm91dGlxdWUlM0MlMkZzcGFuJTNFJTNDZGl2JTIwaXRlbXByb3AlM0QlMjJhZGRyZXNzJTIyJTIwaXRlbXNjb3BlJTIwaXRlbXR5cGUlM0QlMjJodHRwJTNBJTJGJTJGc2NoZW1hLm9yZyUyRlBvc3RhbEFkZHJlc3MlMjIlM0UlM0NzcGFuJTIwaXRlbXByb3AlM0QlMjJzdHJlZXRBZGRyZXNzJTIyJTNFT256ZS1MaWV2ZS1Wcm91d2VzdHJhYXQlMjA4MiUzQyUyRnNwYW4lM0UlM0NiciUzRSUzQ3NwYW4lMjBpdGVtcHJvcCUzRCUyMnBvc3RhbENvZGUlMjIlM0UyODAwJTNDJTJGc3BhbiUzRSUyMCUzQ3NwYW4lMjBpdGVtcHJvcCUzRCUyMmFkZHJlc3NMb2NhbGl0eSUyMiUzRU1lY2hlbGVuJTNDJTJGc3BhbiUzRSUzQyUyRmRpdiUzRSUzQyUyRmRpdiUzRSUzQ2RpdiUyMGNsYXNzJTNEJTIyY29sb25uZSUyMiUzRSUzQ3NwYW4lMjBpdGVtcHJvcCUzRCUyMnRlbGVwaG9uZSUyMiUzRSUyQjMyJTI4MCUyOTQ3NSUyMDI4JTIwNzglMjAwMSUzQyUyRnNwYW4lM0UlM0NiciUzRSUzQ3NwYW4lMjBpdGVtcHJvcCUzRCUyMmVtYWlsJTIyJTNFaW5mbyU1QmF0JTVEdW1hLXN0b3JlLmJlJTNDJTJGc3BhbiUzRSUzQyUyRmRpdiUzRSUwQSUzQ2RpdiUyMGNsYXNzJTNEJTIyY29sb25uZSUyMiUzRSUwQU1hcmRpLVNhbWVkaSUyMGRlJTIwMTAlMjAlQzMlQTAlMjAxOGglM0NiciUzRSUwQUZlcm0lQzMlQTklMjBsZSUyMGRpbWFuY2hlJTJDJTIwbGUlMjBsdW5kaSUyMGV0JTIwbGVzJTIwam91cnMlMjBmJUMzJUE5cmklQzMlQTlzLiUzQ2JyJTNFJTBBU29pciVDMyVBOWUlMjBzaG9wcGluZyUyMHByaXYlQzMlQTllJTJDJTIwc3VyJTIwciVDMyVBOXNlcnZhdGlvbiUzQyUyRmRpdiUzRSUwQSUzQyUyRmRpdiUzRQ==[\/vc_raw_html][\/vc_column][\/vc_row][vc_row css=\u00a0\u00bb.vc_custom_1632483610863{margin-bottom: 31px !important;}\u00a0\u00bb el_class=\u00a0\u00bbgooglamapuma\u00a0\u00bb][vc_column][vc_gmaps link=\u00a0\u00bb#E-8_JTNDaWZyYW1lJTIwc3JjJTNEJTIyaHR0cHMlM0ElMkYlMkZ3d3cuZ29vZ2xlLmNvbSUyRm1hcHMlMkZlbWJlZCUzRnBiJTNEJTIxMW0xOCUyMTFtMTIlMjExbTMlMjExZDI1MDkuNjM2MTkwMzMyODg2NiUyMTJkNC40NzgyOTM1MTU5MTE3MDglMjEzZDUxLjAyMjg2OTY1MzgzNDEyJTIxMm0zJTIxMWYwJTIxMmYwJTIxM2YwJTIxM20yJTIxMWkxMDI0JTIxMmk3NjglMjE0ZjEzLjElMjEzbTMlMjExbTIlMjExczB4NDdjM2U1Y2RkNWU0YTM4MyUyNTNBMHg3ZjU0MTVmNzgyOTE2M2MxJTIxMnNPbnplLUxpZXZlLVZyb3V3ZXN0cmFhdCUyNTIwODIlMjUyQyUyNTIwMjgwMCUyNTIwTWVjaGVsZW4lMjE1ZTAlMjEzbTIlMjExc2ZyJTIxMnNiZSUyMTR2MTU3MDA1MDk5MDcyMSUyMTVtMiUyMTFzZnIlMjEyc2JlJTIyJTIwd2lkdGglM0QlMjI4MDAlMjIlMjBoZWlnaHQlM0QlMjI2MDAlMjIlMjBmcmFtZWJvcmRlciUzRCUyMjAlMjIlMjBzdHlsZSUzRCUyMmJvcmRlciUzQTAlM0IlMjIlMjBhbGxvd2Z1bGxzY3JlZW4lM0QlMjIlMjIlM0UlM0MlMkZpZnJhbWUlM0U=\u00a0\u00bb][\/vc_column][\/vc_row][vc_row el_class=\u00a0\u00bbcontactformulaire\u00a0\u00bb][vc_column][vc_column_text el_class=\u00a0\u00bbcontact_text\u00a0\u00bb]<\/p>\n<h5 class=\"likeh5\">FORMULAIRE DE <span style=\"color: #bc8034;\">CONTACT<\/span><\/h5>\n<p>Si vous avez une question, n\u2019h\u00e9sitez pas \u00e0 nous contacter via le formulaire ci-dessous. Nous vous r\u00e9pondrons le plus vite possible.[\/vc_column_text]\n<div class=\"wpcf7 no-js\" id=\"wpcf7-f500-o1\" lang=\"en-GB\" dir=\"ltr\" data-wpcf7-id=\"500\">\n<div class=\"screen-reader-response\"><p role=\"status\" aria-live=\"polite\" aria-atomic=\"true\"><\/p> <ul><\/ul><\/div>\n<form action=\"\/uma-test\/fr\/wp-json\/wp\/v2\/pages\/406#wpcf7-f500-o1\" method=\"post\" class=\"wpcf7-form init\" aria-label=\"Contact form\" novalidate=\"novalidate\" data-status=\"init\">\n<fieldset class=\"hidden-fields-container\"><input type=\"hidden\" name=\"_wpcf7\" value=\"500\" \/><input type=\"hidden\" name=\"_wpcf7_version\" value=\"6.1.5\" \/><input type=\"hidden\" name=\"_wpcf7_locale\" value=\"en_GB\" \/><input type=\"hidden\" name=\"_wpcf7_unit_tag\" value=\"wpcf7-f500-o1\" \/><input type=\"hidden\" name=\"_wpcf7_container_post\" value=\"0\" \/><input type=\"hidden\" name=\"_wpcf7_posted_data_hash\" value=\"\" \/><input type=\"hidden\" name=\"_wpcf7_recaptcha_response\" value=\"\" \/>\n<\/fieldset>\n<p><label><span class=\"wpcf7-form-control-wrap\" data-name=\"your-firstname\"><input size=\"40\" maxlength=\"400\" class=\"wpcf7-form-control wpcf7-text\" aria-invalid=\"false\" placeholder=\"Pr\u00e9nom\" value=\"\" type=\"text\" name=\"your-firstname\" \/><\/span><\/label><label><span class=\"wpcf7-form-control-wrap\" data-name=\"your-lastname\"><input size=\"40\" maxlength=\"400\" class=\"wpcf7-form-control wpcf7-text\" aria-invalid=\"false\" placeholder=\"Nom\" value=\"\" type=\"text\" name=\"your-lastname\" \/><\/span><\/label><label><span class=\"wpcf7-form-control-wrap\" data-name=\"your-email\"><input size=\"40\" maxlength=\"400\" class=\"wpcf7-form-control wpcf7-email wpcf7-validates-as-required wpcf7-text wpcf7-validates-as-email\" aria-required=\"true\" aria-invalid=\"false\" placeholder=\"Adresse e-mail\" value=\"\" type=\"email\" name=\"your-email\" \/><\/span><\/label><label><span class=\"wpcf7-form-control-wrap\" data-name=\"your-phone\"><input size=\"40\" maxlength=\"400\" class=\"wpcf7-form-control wpcf7-text\" aria-invalid=\"false\" placeholder=\"T\u00e9l\u00e9phone\" value=\"\" type=\"text\" name=\"your-phone\" \/><\/span><\/label><label><span class=\"wpcf7-form-control-wrap\" data-name=\"your-message\"><textarea cols=\"40\" rows=\"10\" maxlength=\"2000\" class=\"wpcf7-form-control wpcf7-textarea wpcf7-validates-as-required\" aria-required=\"true\" aria-invalid=\"false\" placeholder=\"Message\" name=\"your-message\"><\/textarea><\/span><\/label>\n<\/p>\n<p><span class=\"wpcf7-form-control-wrap\" data-name=\"checkbox-735\"><span class=\"wpcf7-form-control wpcf7-checkbox\"><span class=\"wpcf7-list-item first last\"><input type=\"checkbox\" name=\"checkbox-735[]\" value=\"Oui, je veux bien m\u2019inscrire \u00e0 la lettre d\u2019information.\" \/><span class=\"wpcf7-list-item-label\">Oui, je veux bien m\u2019inscrire \u00e0 la lettre d\u2019information.<\/span><\/span><\/span><\/span>\n<\/p>\n<p><input class=\"wpcf7-form-control wpcf7-submit has-spinner\" type=\"submit\" value=\"Envoyer\" \/>\n<\/p><div class=\"wpcf7-response-output\" aria-hidden=\"true\"><\/div>\n<\/form>\n<\/div>\n[\/vc_column][\/vc_row][vc_row css=\u00a0\u00bb.vc_custom_1632484329644{margin-top: 50px !important;}\u00a0\u00bb el_class=\u00a0\u00bbinfolegaluma\u00a0\u00bb][vc_column][vc_column_text css=\u00a0\u00bb.vc_custom_1506588375400{margin-top: 50px !important;}\u00a0\u00bb]UMA is a brand of Sassy &amp; Wacky bvba<br \/>\nNum\u00e9ro de soci\u00e9t\u00e9 : 0650.579.889<br \/>\nNum\u00e9ro de TVA : BE0650.579.889<br \/>\nJuridiction\u00a0du si\u00e8ge social : Rechtbank Arrondissement Mechelen[\/vc_column_text][\/vc_column][\/vc_row]<\/p>\n<\/div>","protected":false},"excerpt":{"rendered":"<p>[vc_row][vc_column][vc_column_text] Nous contacter [\/vc_column_text][\/vc_column][\/vc_row][vc_row][vc_column][vc_raw_html el_class=\u00a0\u00bbcontact_block_adresse\u00a0\u00bb]JTNDZGl2JTIwaXRlbXNjb3BlJTIwaXRlbXR5cGUlM0QlMjJodHRwJTNBJTJGJTJGc2NoZW1hLm9yZyUyRk9yZ2FuaXphdGlvbiUyMiUzRSUwQSUzQ2RpdiUyMGNsYXNzJTNEJTIyY29sb25uZSUyMiUzRSUzQ3NwYW4lMjBpdGVtcHJvcCUzRCUyMm5hbWUlMjIlM0VVTUElMjBNdWx0aWJyYW5kJTIwQm91dGlxdWUlM0MlMkZzcGFuJTNFJTNDZGl2JTIwaXRlbXByb3AlM0QlMjJhZGRyZXNzJTIyJTIwaXRlbXNjb3BlJTIwaXRlbXR5cGUlM0QlMjJodHRwJTNBJTJGJTJGc2NoZW1hLm9yZyUyRlBvc3RhbEFkZHJlc3MlMjIlM0UlM0NzcGFuJTIwaXRlbXByb3AlM0QlMjJzdHJlZXRBZGRyZXNzJTIyJTNFT256ZS1MaWV2ZS1Wcm91d2VzdHJhYXQlMjA4MiUzQyUyRnNwYW4lM0UlM0NiciUzRSUzQ3NwYW4lMjBpdGVtcHJvcCUzRCUyMnBvc3RhbENvZGUlMjIlM0UyODAwJTNDJTJGc3BhbiUzRSUyMCUzQ3NwYW4lMjBpdGVtcHJvcCUzRCUyMmFkZHJlc3NMb2NhbGl0eSUyMiUzRU1lY2hlbGVuJTNDJTJGc3BhbiUzRSUzQyUyRmRpdiUzRSUzQyUyRmRpdiUzRSUzQ2RpdiUyMGNsYXNzJTNEJTIyY29sb25uZSUyMiUzRSUzQ3NwYW4lMjBpdGVtcHJvcCUzRCUyMnRlbGVwaG9uZSUyMiUzRSUyQjMyJTI4MCUyOTQ3NSUyMDI4JTIwNzglMjAwMSUzQyUyRnNwYW4lM0UlM0NiciUzRSUzQ3NwYW4lMjBpdGVtcHJvcCUzRCUyMmVtYWlsJTIyJTNFaW5mbyU1QmF0JTVEdW1hLXN0b3JlLmJlJTNDJTJGc3BhbiUzRSUzQyUyRmRpdiUzRSUwQSUzQ2RpdiUyMGNsYXNzJTNEJTIyY29sb25uZSUyMiUzRSUwQU1hcmRpLVNhbWVkaSUyMGRlJTIwMTAlMjAlQzMlQTAlMjAxOGglM0NiciUzRSUwQUZlcm0lQzMlQTklMjBsZSUyMGRpbWFuY2hlJTJDJTIwbGUlMjBsdW5kaSUyMGV0JTIwbGVzJTIwam91cnMlMjBmJUMzJUE5cmklQzMlQTlzLiUzQ2JyJTNFJTBBU29pciVDMyVBOWUlMjBzaG9wcGluZyUyMHByaXYlQzMlQTllJTJDJTIwc3VyJTIwciVDMyVBOXNlcnZhdGlvbiUzQyUyRmRpdiUzRSUwQSUzQyUyRmRpdiUzRQ==[\/vc_raw_html][\/vc_column][\/vc_row][vc_row css=\u00a0\u00bb.vc_custom_1632483610863{margin-bottom: 31px !important;}\u00a0\u00bb el_class=\u00a0\u00bbgooglamapuma\u00a0\u00bb][vc_column][vc_gmaps link=\u00a0\u00bb#E-8_JTNDaWZyYW1lJTIwc3JjJTNEJTIyaHR0cHMlM0ElMkYlMkZ3d3cuZ29vZ2xlLmNvbSUyRm1hcHMlMkZlbWJlZCUzRnBiJTNEJTIxMW0xOCUyMTFtMTIlMjExbTMlMjExZDI1MDkuNjM2MTkwMzMyODg2NiUyMTJkNC40NzgyOTM1MTU5MTE3MDglMjEzZDUxLjAyMjg2OTY1MzgzNDEyJTIxMm0zJTIxMWYwJTIxMmYwJTIxM2YwJTIxM20yJTIxMWkxMDI0JTIxMmk3NjglMjE0ZjEzLjElMjEzbTMlMjExbTIlMjExczB4NDdjM2U1Y2RkNWU0YTM4MyUyNTNBMHg3ZjU0MTVmNzgyOTE2M2MxJTIxMnNPbnplLUxpZXZlLVZyb3V3ZXN0cmFhdCUyNTIwODIlMjUyQyUyNTIwMjgwMCUyNTIwTWVjaGVsZW4lMjE1ZTAlMjEzbTIlMjExc2ZyJTIxMnNiZSUyMTR2MTU3MDA1MDk5MDcyMSUyMTVtMiUyMTFzZnIlMjEyc2JlJTIyJTIwd2lkdGglM0QlMjI4MDAlMjIlMjBoZWlnaHQlM0QlMjI2MDAlMjIlMjBmcmFtZWJvcmRlciUzRCUyMjAlMjIlMjBzdHlsZSUzRCUyMmJvcmRlciUzQTAlM0IlMjIlMjBhbGxvd2Z1bGxzY3JlZW4lM0QlMjIlMjIlM0UlM0MlMkZpZnJhbWUlM0U=\u00a0\u00bb][\/vc_column][\/vc_row][vc_row el_class=\u00a0\u00bbcontactformulaire\u00a0\u00bb][vc_column][vc_column_text el_class=\u00a0\u00bbcontact_text\u00a0\u00bb] FORMULAIRE DE CONTACT Si vous avez une question, n\u2019h\u00e9sitez pas \u00e0 nous contacter via le formulaire ci-dessous. Nous vous r\u00e9pondrons le plus vite possible.[\/vc_column_text][\/vc_column][\/vc_row][vc_row css=\u00a0\u00bb.vc_custom_1632484329644{margin-top: 50px !important;}\u00a0\u00bb el_class=\u00a0\u00bbinfolegaluma\u00a0\u00bb][vc_column][vc_column_text css=\u00a0\u00bb.vc_custom_1506588375400{margin-top: 50px !important;}\u00a0\u00bb]UMA is a brand of Sassy &amp; Wacky bvba Num\u00e9ro de soci\u00e9t\u00e9 : [&hellip;]<\/p>\n","protected":false},"author":1,"featured_media":0,"parent":0,"menu_order":0,"comment_status":"closed","ping_status":"closed","template":"","meta":{"footnotes":""},"class_list":["post-406","page","type-page","status-publish","hentry"],"_links":{"self":[{"href":"https:\/\/www.bytheweb.be\/uma-test\/fr\/wp-json\/wp\/v2\/pages\/406","targetHints":{"allow":["GET"]}}],"collection":[{"href":"https:\/\/www.bytheweb.be\/uma-test\/fr\/wp-json\/wp\/v2\/pages"}],"about":[{"href":"https:\/\/www.bytheweb.be\/uma-test\/fr\/wp-json\/wp\/v2\/types\/page"}],"author":[{"embeddable":true,"href":"https:\/\/www.bytheweb.be\/uma-test\/fr\/wp-json\/wp\/v2\/users\/1"}],"replies":[{"embeddable":true,"href":"https:\/\/www.bytheweb.be\/uma-test\/fr\/wp-json\/wp\/v2\/comments?post=406"}],"version-history":[{"count":0,"href":"https:\/\/www.bytheweb.be\/uma-test\/fr\/wp-json\/wp\/v2\/pages\/406\/revisions"}],"wp:attachment":[{"href":"https:\/\/www.bytheweb.be\/uma-test\/fr\/wp-json\/wp\/v2\/media?parent=406"}],"curies":[{"name":"wp","href":"https:\/\/api.w.org\/{rel}","templated":true}]}}