{"id":403,"date":"2021-09-15T16:39:44","date_gmt":"2021-09-15T14:39:44","guid":{"rendered":"https:\/\/www.bytheweb.be\/uma-test\/?page_id=403"},"modified":"2021-09-15T16:43:10","modified_gmt":"2021-09-15T14:43:10","slug":"qui-sommes-nous","status":"publish","type":"page","link":"https:\/\/www.bytheweb.be\/uma-test\/fr\/qui-sommes-nous\/","title":{"rendered":"Qui sommes-nous"},"content":{"rendered":"<div class=\"wpb-content-wrapper\"><p>[vc_row][vc_column][vc_column_text]<\/p>\n<h1 class=\"likeh2\" style=\"text-align: center;\">A propos d&rsquo;UMA<br \/>\n<span style=\"color: #bc8034;\">Boutique aux multiples marques<\/span><\/h1>\n<p>[\/vc_column_text][\/vc_column][\/vc_row][vc_row][vc_column][vc_column_text el_class=\u00a0\u00bbhomepage_onze_werken_part1&Prime;]Bienvenue chez UMA, une toute nouvelle boutique aux multiples marques- mode style scandinave- situ\u00e9e au c\u0153ur de la rue le plus trendy de Malines.<\/p>\n<p>Je suis Loesje et j\u2019ai d\u00e9cid\u00e9 de cr\u00e9er UMA en Octobre 2016. Je suis une jeune quarantenaire (mais sans la crise), fi\u00e8re maman de 3 enfants (Casper et deux jumelles Bille &amp; Oona), conjointe de Dries, et surtout optimiste, plein d\u2019\u00e9nergie, extraverti, pers\u00e9v\u00e8rent et tr\u00e8s pragmatique. Apr\u00e8s presque 15 ans de carri\u00e8re comme responsable marketing dans le secteur des technologies, je me suis r\u00e9alis\u00e9e que ma vraie passion \u00e9tait la d\u00e9coration d\u2019int\u00e9rieur, le design, styling et fashion. J\u2019ai donc d\u00e9cid\u00e9 de quitter le monde des multinationales pour entreprendre mon projet de mani\u00e8re locale et \u00e0 taille humaine dans une ville qui le permettait : Malines.<br \/>\nCe qui me rend heureuse ce sont les belles choses, les combinaisons qui vont bien ensemble, qui te vont comme un gant ou mettent en valeur tes atouts&#8230; et donc lancer Uma \u00e9tait la suite logique de cette passion ! Finalement, nous y sommes.<\/p>\n<p>Chez UMA, cette passion prend forme dans la combinaison unique de marques locales et d\u2019inspiration scandinave. Nous sommes l\u00e0 pour t\u2019aider \u00e0 cr\u00e9er ta tenue sur base de nos pi\u00e8ces facilement combinables qui te permettent de passer, avec un simple accessoire, d\u2019un look de tous les jours \u00e0 une superbe tenue de soir\u00e9e.<\/p>\n<p>Viens nous rendre une visite, nous t\u2019attendons avec impatience pour faire ta connaissance. Et si tu r\u00eaves de faire une soir\u00e9e shopping priv\u00e9e avec des copines, envoie-nous un mail. Nous ouvrirons notre magasin sp\u00e9cialement pour vous. La passion n\u2019a pas d\u2019heure, n\u2019est-ce pas ?[\/vc_column_text][\/vc_column][\/vc_row][vc_row el_class=\u00a0\u00bbshoppictures\u00a0\u00bb][vc_column width=\u00a0\u00bb1\/2&Prime; el_class=\u00a0\u00bbcolonne1&Prime;][vc_single_image image=\u00a0\u00bb96325&Prime; img_size=\u00a0\u00bbfull\u00a0\u00bb][\/vc_column][vc_column width=\u00a0\u00bb1\/2&Prime; el_class=\u00a0\u00bbcolonne2&Prime;][vc_single_image image=\u00a0\u00bb96322&Prime; img_size=\u00a0\u00bbfull\u00a0\u00bb][\/vc_column][\/vc_row][vc_row][vc_column][vc_column_text]<\/p>\n<h2 class=\"likeh2\" style=\"text-align: center;\">Notre <span style=\"color: #bc8034;\">boutique<\/span><\/h2>\n<p>[\/vc_column_text][\/vc_column][\/vc_row][vc_row el_class=\u00a0\u00bbshopinfos\u00a0\u00bb][vc_column width=\u00a0\u00bb1\/3&Prime;][vc_column_text]Onze-Lieve-Vrouwestraat 82<br \/>\n2800 Mechelen[\/vc_column_text][\/vc_column][vc_column width=\u00a0\u00bb1\/3&Prime;][vc_column_text]<a href=\"mailto:info@bytheweb.be\/uma-test\">info@bytheweb.be\/uma-test<\/a><br \/>\n+32 (0) 475 28 78 01[\/vc_column_text][\/vc_column][vc_column width=\u00a0\u00bb1\/3&Prime;][vc_column_text]Heures d\u2019ouverture :<br \/>\nMardi &#8211; Samedi de 10 \u00e0 18h<br \/>\nFerm\u00e9 le dimanche, le lundi et les jours f\u00e9ri\u00e9s<br \/>\nSoir\u00e9e shopping priv\u00e9e : sur r\u00e9servation[\/vc_column_text][\/vc_column][\/vc_row][vc_row css=\u00a0\u00bb.vc_custom_1623418871630{margin-bottom: 35px !important;}\u00a0\u00bb][vc_column][vc_single_image image=\u00a0\u00bb96319&Prime; img_size=\u00a0\u00bbfull\u00a0\u00bb css_animation=\u00a0\u00bbbottom-to-top\u00a0\u00bb css=\u00a0\u00bb.vc_custom_1631716889428{margin-bottom: 160px !important;}\u00a0\u00bb][\/vc_column][\/vc_row][vc_row][vc_column][vc_gmaps link=\u00a0\u00bb#E-8_JTNDaWZyYW1lJTIwc3JjJTNEJTIyaHR0cHMlM0ElMkYlMkZ3d3cuZ29vZ2xlLmNvbSUyRm1hcHMlMkZlbWJlZCUzRnBiJTNEJTIxMW0xOCUyMTFtMTIlMjExbTMlMjExZDI1MDkuNjM2MTkwMzMyODg2NiUyMTJkNC40NzgyOTM1MTU5MTE3MDglMjEzZDUxLjAyMjg2OTY1MzgzNDEyJTIxMm0zJTIxMWYwJTIxMmYwJTIxM2YwJTIxM20yJTIxMWkxMDI0JTIxMmk3NjglMjE0ZjEzLjElMjEzbTMlMjExbTIlMjExczB4NDdjM2U1Y2RkNWU0YTM4MyUyNTNBMHg3ZjU0MTVmNzgyOTE2M2MxJTIxMnNPbnplLUxpZXZlLVZyb3V3ZXN0cmFhdCUyNTIwODIlMjUyQyUyNTIwMjgwMCUyNTIwTWVjaGVsZW4lMjE1ZTAlMjEzbTIlMjExc2ZyJTIxMnNiZSUyMTR2MTU3MDA1MDk5MDcyMSUyMTVtMiUyMTFzbmwlMjEyc2JlJTIyJTIwd2lkdGglM0QlMjI4MDAlMjIlMjBoZWlnaHQlM0QlMjI2MDAlMjIlMjBmcmFtZWJvcmRlciUzRCUyMjAlMjIlMjBzdHlsZSUzRCUyMmJvcmRlciUzQTAlM0IlMjIlMjBhbGxvd2Z1bGxzY3JlZW4lM0QlMjIlMjIlM0UlM0MlMkZpZnJhbWUlM0U=\u00a0\u00bb][\/vc_column][\/vc_row]<\/p>\n<\/div>","protected":false},"excerpt":{"rendered":"<p>[vc_row][vc_column][vc_column_text] A propos d&rsquo;UMA Boutique aux multiples marques [\/vc_column_text][\/vc_column][\/vc_row][vc_row][vc_column][vc_column_text el_class=\u00a0\u00bbhomepage_onze_werken_part1&Prime;]Bienvenue chez UMA, une toute nouvelle boutique aux multiples marques- mode style scandinave- situ\u00e9e au c\u0153ur de la rue le plus trendy de Malines. Je suis Loesje et j\u2019ai d\u00e9cid\u00e9 de cr\u00e9er UMA en Octobre 2016. Je suis une jeune quarantenaire (mais sans la crise), fi\u00e8re [&hellip;]<\/p>\n","protected":false},"author":1,"featured_media":0,"parent":0,"menu_order":0,"comment_status":"closed","ping_status":"closed","template":"","meta":{"footnotes":""},"class_list":["post-403","page","type-page","status-publish","hentry"],"_links":{"self":[{"href":"https:\/\/www.bytheweb.be\/uma-test\/fr\/wp-json\/wp\/v2\/pages\/403","targetHints":{"allow":["GET"]}}],"collection":[{"href":"https:\/\/www.bytheweb.be\/uma-test\/fr\/wp-json\/wp\/v2\/pages"}],"about":[{"href":"https:\/\/www.bytheweb.be\/uma-test\/fr\/wp-json\/wp\/v2\/types\/page"}],"author":[{"embeddable":true,"href":"https:\/\/www.bytheweb.be\/uma-test\/fr\/wp-json\/wp\/v2\/users\/1"}],"replies":[{"embeddable":true,"href":"https:\/\/www.bytheweb.be\/uma-test\/fr\/wp-json\/wp\/v2\/comments?post=403"}],"version-history":[{"count":0,"href":"https:\/\/www.bytheweb.be\/uma-test\/fr\/wp-json\/wp\/v2\/pages\/403\/revisions"}],"wp:attachment":[{"href":"https:\/\/www.bytheweb.be\/uma-test\/fr\/wp-json\/wp\/v2\/media?parent=403"}],"curies":[{"name":"wp","href":"https:\/\/api.w.org\/{rel}","templated":true}]}}